{"id":2766,"date":"2020-09-16T06:01:35","date_gmt":"2020-09-16T06:01:35","guid":{"rendered":"https:\/\/www.panorama-krapsa.si\/?page_id=2766"},"modified":"2020-09-16T06:16:52","modified_gmt":"2020-09-16T06:16:52","slug":"politika-zasebnosti","status":"publish","type":"page","link":"https:\/\/www.panorama-krapsa.si\/it\/politika-zasebnosti\/","title":{"rendered":"Politica sulla riservatezza"},"content":{"rendered":"<div class=\"fusion-fullwidth fullwidth-box fusion-builder-row-1 nonhundred-percent-fullwidth non-hundred-percent-height-scrolling\" style=\"--awb-border-radius-top-left:0px;--awb-border-radius-top-right:0px;--awb-border-radius-bottom-right:0px;--awb-border-radius-bottom-left:0px;--awb-flex-wrap:wrap;\" ><div class=\"fusion-builder-row fusion-row\"><div class=\"fusion-layout-column fusion_builder_column fusion-builder-column-0 fusion_builder_column_1_1 1_1 fusion-one-full fusion-column-first fusion-column-last\" style=\"--awb-bg-size:cover;\"><div class=\"fusion-column-wrapper fusion-column-has-shadow fusion-flex-column-wrapper-legacy\"><div class=\"fusion-text fusion-text-1\"><h3>Quali informazioni raccogliamo?<\/h3>\n<div class=\"content\">Ai fini della prenotazione online, vengono memorizzate le informazioni di contatto e le informazioni sul titolare della prenotazione o sull&#039;ospite.<\/div>\n<h3>Per cosa utilizziamo i tuoi dati?<\/h3>\n<div class=\"content\">Possiamo utilizzare le tue informazioni per rispondere a domande o. realizzazione della prenotazione o richiesta inviata. I tuoi dati non saranno venduti, scambiati, trasferiti o ceduti a nessun&#039;altra societ\u00e0 per nessun motivo.<\/div>\n<h3>Come proteggiamo i tuoi dati?<\/h3>\n<div class=\"content\">\n<p>I tuoi dati relativi alla prenotazione sono memorizzati nel sistema di prenotazione, che utilizziamo per gestire le prenotazioni (il fornitore del sistema \u00e8 la societ\u00e0 INTERSPLET doo) ai fini della sua implementazione.<br \/>\nSolo le persone impiegate dall&#039;azienda hanno accesso ai dati e sono autorizzati a farlo (accoglienza, supporto).<br \/>\nTutti i dati tra il sito web e il sistema di prenotazione vengono trasmessi tramite una connessione HTTPS sicura.<\/p>\n<p>I pagamenti online e altre transazioni vengono effettuate sul sito Web del fornitore di servizi (ad esempio banche, PayPal) e non vengono elaborati o archiviati da noi.<\/p>\n<\/div>\n<h3>Usiamo i cookie?<\/h3>\n<div class=\"content\">\n<p>S\u00ec. I cookie sono piccoli file che memorizziamo sul disco rigido del tuo computer tramite un browser web (se lo consenti), consentendo al nostro sistema di riconoscere il tuo browser e acquisire e ricordare determinate informazioni.<\/p>\n<p>Utilizziamo i cookie anche per aiutarci a compilare dati aggregati sul traffico del sito web e sull&#039;interazione del sito in modo da poter offrire esperienze e strumenti migliori sul sito in futuro.<\/p>\n<p>Se disabiliti i cookie, alcune funzioni verranno disabilitate. Alcune funzionalit\u00e0 che rendono l&#039;esperienza del servizio pi\u00f9 efficiente verranno disabilitate. Alcuni dei nostri servizi non funzioneranno correttamente.<\/p>\n<p>Maggiori informazioni sui cookie: <a href=\"https:\/\/www.panorama-krapsa.si\/it\/piskotki\/\">https:\/\/www.panorama-krapsa.si\/piskotki\/<\/a><\/p>\n<\/div>\n<h3>Divulgazione a terzi<\/h3>\n<div class=\"content\">Non vendiamo, scambiamo o trasferiamo in altro modo le tue informazioni personali a terzi.<\/div>\n<h3>Link di terze parti<\/h3>\n<div class=\"content\">Possiamo includere o offrire prodotti o servizi di terze parti sul sito web. Questi siti Web di terze parti hanno politiche sulla privacy separate e indipendenti. Per questo motivo, non siamo responsabili del contenuto e delle attivit\u00e0 di questi siti collegati. Tuttavia, ci sforziamo di proteggere l&#039;integrit\u00e0 del nostro sito, quindi qualsiasi feedback su questi siti \u00e8 il benvenuto.<\/div>\n<h3>Modifiche alla nostra politica sulla privacy<\/h3>\n<div class=\"content\">Se decidiamo di modificare la nostra politica sulla privacy, pubblicheremo tali modifiche su questa pagina.<\/div>\n<h3>Contattaci<\/h3>\n<div class=\"content\">In caso di domande sulla presente informativa sulla privacy, contattaci tramite la pagina dei contatti o i contatti pubblicati.<\/div>\n<\/div><div class=\"fusion-clearfix\"><\/div><\/div><\/div><\/div><\/div>","protected":false},"excerpt":{"rendered":"","protected":false},"author":1,"featured_media":0,"parent":0,"menu_order":0,"comment_status":"closed","ping_status":"closed","template":"","meta":{"_exactmetrics_skip_tracking":false,"_exactmetrics_sitenote_active":false,"_exactmetrics_sitenote_note":"","_exactmetrics_sitenote_category":0,"footnotes":""},"class_list":["post-2766","page","type-page","status-publish","hentry"],"_links":{"self":[{"href":"https:\/\/www.panorama-krapsa.si\/it\/wp-json\/wp\/v2\/pages\/2766"}],"collection":[{"href":"https:\/\/www.panorama-krapsa.si\/it\/wp-json\/wp\/v2\/pages"}],"about":[{"href":"https:\/\/www.panorama-krapsa.si\/it\/wp-json\/wp\/v2\/types\/page"}],"author":[{"embeddable":true,"href":"https:\/\/www.panorama-krapsa.si\/it\/wp-json\/wp\/v2\/users\/1"}],"replies":[{"embeddable":true,"href":"https:\/\/www.panorama-krapsa.si\/it\/wp-json\/wp\/v2\/comments?post=2766"}],"version-history":[{"count":6,"href":"https:\/\/www.panorama-krapsa.si\/it\/wp-json\/wp\/v2\/pages\/2766\/revisions"}],"predecessor-version":[{"id":2778,"href":"https:\/\/www.panorama-krapsa.si\/it\/wp-json\/wp\/v2\/pages\/2766\/revisions\/2778"}],"wp:attachment":[{"href":"https:\/\/www.panorama-krapsa.si\/it\/wp-json\/wp\/v2\/media?parent=2766"}],"curies":[{"name":"wp","href":"https:\/\/api.w.org\/{rel}","templated":true}]}}